{"id":824,"date":"2021-05-16T19:03:29","date_gmt":"2021-05-16T18:03:29","guid":{"rendered":"http:\/\/maven-side.com\/?post_type=product&#038;p=824"},"modified":"2021-06-05T12:27:07","modified_gmt":"2021-06-05T11:27:07","slug":"project-management-professional-pmp-online","status":"publish","type":"product","link":"https:\/\/maven-side.com\/index.php\/product\/project-management-professional-pmp-online\/","title":{"rendered":"PROJECT MANAGEMENT PROFESSIONAL (PMP) &#8211; ONLINE"},"content":{"rendered":"<p>Cette formation permet d\u2019acc\u00e9der \u00e0 la certification PMP<sup>\u00ae<\/sup>\u00a0du PMI<sup>\u00ae<\/sup> (Project Management Institute). Project Management Professional (PMP)\u00ae est une certification pour les chefs de projet. Reconnu et demand\u00e9 \u00e0 l&#8217;\u00e9chelle mondiale, le titre PMP d\u00e9montre que vous avez l&#8217;exp\u00e9rience, la formation et les comp\u00e9tences n\u00e9cessaires pour mener et diriger avec succ\u00e8s des projets. Ce produit est align\u00e9 sur le Guide PMBOK\u00ae &#8211; Sixi\u00e8me \u00e9dition et d\u00e9livr\u00e9 par un PMP Instructor accr\u00e9dit\u00e9.<\/p>\n<p>Les\u00a0candidats qui\u00a0veulent s&#8217;inscrire \u00e0 l&#8217;examen\u00a0doivent satisfaire aux exigences de qualification et d&#8217;exp\u00e9rience d\u00e9finies par le PMI<sup>\u00ae<\/sup>. Ces exigences sont consultables en ligne sur le site du\u00a0:\u00a0<a href=\"http:\/\/www.pmi.org\/\" target=\"_blank\" rel=\"noopener noreferrer\">PMI<sup>\u00ae<\/sup><\/a>.<\/p>\n<p>Le package de formation PMP de MAVENSIDE SERVICES utilise le mat\u00e9riel officiel standardis\u00e9 et d\u00e9velopp\u00e9 par PMI, y compris l&#8217;acc\u00e8s au compte de PMI choice avec un contenu vid\u00e9o + des mod\u00e8les de documents + une PM checklist + un examen blanc + un cahier d&#8217;\u00e9tudiant. Cela garantit la r\u00e9tention des connaissances, un engagement accru et d&#8217;excellents taux de r\u00e9ussite aux examens.<\/p>\n<h2 class=\"tt-2\">A qui s&#8217;adresse cette formation ?<\/h2>\n<ul>\n<li>Chefs de projet, Coordinateurs et directeurs de projet, PMO, membres de l&#8217;\u00e9quipe de projet et toute personne travaillant dans un environnement projet, qui souhaite se certifier et\/ou connaitre les meilleures pratiques pour la gestion de projets selon PMI.<\/li>\n<\/ul>\n<h2 class=\"tt-2\">Les objectifs de la formation<\/h2>\n<ul>\n<li>Se familiariser avec le dernier r\u00e9f\u00e9rentiel de management de projet du PMI<sup>\u00ae<\/sup>.<\/li>\n<li>\u00catre capable de remplir son dossier d\u2019inscription \u00e0 l\u2019examen de la certification PMP<sup>\u00ae<\/sup>.<\/li>\n<li>Pr\u00e9parer l&#8217;examen de certification PMP<sup>\u00ae<\/sup>.<\/li>\n<li>S&#8217;entra\u00eener \u00e0\u00a0r\u00e9pondre aux questions de l&#8217;examen.<\/li>\n<\/ul>\n<p>&nbsp;<\/p>\n<p>Attention : Le passage de l&#8217;examen PMP\u00ae ne peut se faire qu&#8217;une fois l&#8217;\u00e9ligibilit\u00e9 obtenue aupr\u00e8s du PMI<sup>\u00ae<\/sup>.<\/p>\n<h6>PMI, PMBOK, PMP, PgMP, PMI-SP, PMI-RMP et le logo PMI\u00a0Accredited Training\u00a0Provider sont des marques d\u00e9pos\u00e9es du Project Management Institute, Inc.<\/h6>\n","protected":false},"excerpt":{"rendered":"<p>Cette formation permet d\u2019acc\u00e9der \u00e0 la certification PMP<sup>\u00ae<\/sup>\u00a0du PMI<sup>\u00ae<\/sup> (Project Management Institute). Project Management Professional (PMP)\u00ae est une certification pour les chefs de projet. Reconnu et demand\u00e9 \u00e0 l&#8217;\u00e9chelle mondiale, le titre PMP d\u00e9montre que vous avez l&#8217;exp\u00e9rience, la formation et les comp\u00e9tences n\u00e9cessaires pour mener et diriger avec succ\u00e8s des projets. Ce produit est align\u00e9 sur le Guide PMBOK\u00ae &#8211; Sixi\u00e8me \u00e9dition et d\u00e9livr\u00e9 par un PMP Instructor accr\u00e9dit\u00e9.<\/p>\n<p>Le package de formation PMP de MAVENSIDE SERVICES utilise le mat\u00e9riel officiel standardis\u00e9 et d\u00e9velopp\u00e9 par PMI, y compris l&#8217;acc\u00e8s au compte de PMI choice avec un contenu vid\u00e9o + des mod\u00e8les de documents + une PM checklist + un examen blanc + un cahier d&#8217;\u00e9tudiant. Cela garantit la r\u00e9tention des connaissances, un engagement accru et d&#8217;excellents taux de r\u00e9ussite aux examens.<\/p>\n","protected":false},"featured_media":825,"comment_status":"closed","ping_status":"closed","template":"","meta":{"_monsterinsights_skip_tracking":false,"_monsterinsights_sitenote_active":false,"_monsterinsights_sitenote_note":"","_monsterinsights_sitenote_category":0},"product_cat":[67],"product_tag":[122],"class_list":["post-824","product","type-product","status-publish","has-post-thumbnail","hentry","product_cat-courses","product_tag-pmp"],"jetpack_sharing_enabled":true,"_links":{"self":[{"href":"https:\/\/maven-side.com\/index.php\/wp-json\/wp\/v2\/product\/824","targetHints":{"allow":["GET"]}}],"collection":[{"href":"https:\/\/maven-side.com\/index.php\/wp-json\/wp\/v2\/product"}],"about":[{"href":"https:\/\/maven-side.com\/index.php\/wp-json\/wp\/v2\/types\/product"}],"replies":[{"embeddable":true,"href":"https:\/\/maven-side.com\/index.php\/wp-json\/wp\/v2\/comments?post=824"}],"wp:featuredmedia":[{"embeddable":true,"href":"https:\/\/maven-side.com\/index.php\/wp-json\/wp\/v2\/media\/825"}],"wp:attachment":[{"href":"https:\/\/maven-side.com\/index.php\/wp-json\/wp\/v2\/media?parent=824"}],"wp:term":[{"taxonomy":"product_cat","embeddable":true,"href":"https:\/\/maven-side.com\/index.php\/wp-json\/wp\/v2\/product_cat?post=824"},{"taxonomy":"product_tag","embeddable":true,"href":"https:\/\/maven-side.com\/index.php\/wp-json\/wp\/v2\/product_tag?post=824"}],"curies":[{"name":"wp","href":"https:\/\/api.w.org\/{rel}","templated":true}]}}