{"id":799,"date":"2016-04-12T10:02:54","date_gmt":"2016-04-12T10:02:54","guid":{"rendered":"http:\/\/maven-side.com\/?page_id=7"},"modified":"2016-04-12T10:02:54","modified_gmt":"2016-04-12T10:02:54","slug":"qui-nous-sommes","status":"publish","type":"page","link":"https:\/\/maven-side.com\/index.php\/fr\/qui-nous-sommes\/","title":{"rendered":"Qui nous sommes"},"content":{"rendered":"<p>[vc_row][vc_column][\/vc_column][\/vc_row][vc_row][vc_column][vc_gallery type=&#8221;flexslider_slide&#8221; interval=&#8221;0&#8243; images=&#8221;249,248&#8243; img_size=&#8221;full&#8221; onclick=&#8221;&#8221;][vc_empty_space height=&#8221;40px&#8221;][vc_column_text]<\/p>\n<h4 class=\"no-margin-top\">Soci\u00e9t\u00e9 de vue d\u2019ensemble<\/h4>\n<p><strong>Formation en gestion de projet, coaching et conseil<\/p>\n<p>Chez MA<\/strong>VENSIDE, nous avons acquis la r\u00e9putation de fournir aux gens de la gestion de projet les connaissances dont ils ont besoin pour exceller dans le climat hyperconcurrentiel de gestion de projet d\u2019aujourd\u2019hui.<\/p>\n<p>Nous sommes un fournisseur de cours de formation, avec une vaste exp\u00e9rience dans la fourniture de solutions d\u2019apprentissage infus\u00e9es de qualit\u00e9. Aider les professionnels de tous les secteurs \u00e0 d\u00e9velopper une nouvelle expertise et \u00e0 combler leur \u00e9cart de comp\u00e9tences en mati\u00e8re de reconnaissance et de croissance dans le monde mondial de l\u2019entreprise.[\/vc_column_text][vc_empty_space height=&#8221;30px&#8221;][vc_row_inner][vc_column_inner width=&#8221;1\/2&#8243;][vc_column_text]<\/p>\n<h4 class=\"no-margin-top\">Pourquoi sommes-nous diff\u00e9rents?<\/h4>\n<p>Nos clients nous disent que nous sommes uniques pour une vari\u00e9t\u00e9 de raisons importantes, y compris:<\/p>\n<ul class=\"style1\">\n<li>Personnalisation profonde<\/li>\n<li>Sp\u00e9cialisation de l\u2019industrie<\/li>\n<li>Apprentissage interactif<\/li>\n<li>Programme d\u2019\u00e9tudes approfondi<\/li>\n<li>Modalit\u00e9s de livraison traditionnelles et num\u00e9riques<\/li>\n<li>Facilitateurs exp\u00e9riment\u00e9s et experts<\/li>\n<li>R\u00e9sultats pour initier et soutenir le changement par l\u2019interm\u00e9diaire de l\u2019organisation<\/li>\n<\/ul>\n<p>[\/vc_column_text][\/vc_column_inner][vc_column_inner width=&#8221;1\/2&#8243;][vc_column_text]<a id=\"69d0692db8326\" rel=\"wp-video-lightbox\" href=\"https:\/\/www.youtube.com\/watch?v=CTSWesqOHmc&width=800&height=500\" title=\"\"><img decoding=\"async\" src=\"http:\/\/maven-side.com\/wp-content\/uploads\/2016\/04\/11.jpg\" class=\"video_lightbox_anchor_image\" alt=\"\" \/><\/a>    <script>\r\n    \/* <![CDATA[ *\/\r\n    jQuery(document).ready(function($){\r\n        $(function(){\r\n            var width = $(window).innerWidth();\r\n            var setwidth = 800;\r\n            var ratio = 0.625;\r\n            var height = 500;\r\n            var link = 'https:\/\/www.youtube.com\/watch?v=CTSWesqOHmc&width=800&height=500';\r\n            if(width < setwidth)\r\n            {\r\n                height = Math.floor(width * 0.625);\r\n                \/\/console.log(\"device width \"+width+\", set width \"+800+\", ratio \"+0.625+\", new height \"+ height);\r\n                var new_url = wpvl_paramReplace('width', link, width);\r\n                var new_url = wpvl_paramReplace('height', new_url, height);\r\n                $(\"a#69d0692db8326\").attr('href', new_url);\r\n                \/\/console.log(new_url);\r\n            }    \r\n        });\r\n    });\r\n    \/* ]]> *\/\r\n    <\/script>        [\/vc_column_text][\/vc_column_inner][\/vc_row_inner][vc_empty_space height=&#8221;50px&#8221;][vc_tta_accordion][vc_tta_section title=&#8221;MAVENSIDE SERVICES\u2019s Mission&#8221; tab_id=&#8221;1461810867516-0c9c3955-6959&#8243;][vc_column_text]MAVENSIDE SERVICES est tout au sujet du client et notre mission est de vous faire r\u00e9ussir.Learning &amp; Development contribue au succ\u00e8s de l\u2019organisation en s\u2019associent aux associ\u00e9s et aux dirigeants de MAVENSIDE SERVICES pour stimuler un apprentissage strat\u00e9gique, mesurable et efficace. Nous croyons que nous devons faire plus que simplement fournir nos capacit\u00e9s et services \u2013 nous devons poss\u00e9der des r\u00e9sultats avec nos clients[\/vc_column_text][\/vc_tta_section][vc_tta_section title=&#8221;MAVENSIDE SERVICES&#8217;s Vision&#8221; tab_id=&#8221;1461810867637-8c99c5c0-52cb&#8221;][vc_column_text]. Notre vision est d\u2019\u00eatre le cabinet de conseil en formation, conseil aux entreprises et gestion le plus connu. Appr\u00e9ci\u00e9 par nos clients pour la qualit\u00e9 exceptionnelle de nos services et l\u2019efficacit\u00e9 de nos programmes de formation.Nous croyons que nous r\u00e9aliserons notre vision en offrant les meilleures formations de classe, des services de consultation en gestion et des solutions avec une meilleure collaboration, professionnalisme et un service \u00e0 la client\u00e8le exceptionnel. En construisant une culture qui attire les meilleures personnes attir\u00e9es par la possibilit\u00e9 de travailler sur les probl\u00e8mes les plus difficiles.<\/p>\n<p>[\/vc_column_text][\/vc_tta_section][vc_tta_section title=&#8221;MAVENSIDE SERVICES&#8217;s Values&#8221; tab_id=&#8221;1461811016911-b47f1946-d095&#8243;][vc_column_text]<strong>Excellence &#8211;<\/strong> Ce<strong> que nous faisons, nous le <\/strong>faisons bien Fournir un service opportun, professionnel, efficace et efficace \u00e0 tous les clients.<\/p>\n<p><strong>Flexibilit\u00e9 &#8211; Nous sommes t\u00eatus sur la vision. Nous sommes flexibles sur les d\u00e9ta<\/strong>ils C\u2019est notre volont\u00e9 et notre capacit\u00e9 \u00e0 nous adapter au changement quant \u00e0 la fa\u00e7on et au moment o\u00f9 le travail est fait.<\/p>\n<p><strong>Efficacit\u00e9 &#8211; Il est durable, \u00e9volutif et reproductible En donnan<\/strong>t acc\u00e8s \u00e0 des experts en la mati\u00e8re, en offrant des instructions autoris\u00e9es et de pointe par le biais de multiples formats de prestation, nous avons mis le terrain pour votre succ\u00e8s en r\u00e9duisant les lacunes en mati\u00e8re de comp\u00e9tences.[\/vc_column_text][\/vc_tta_section][\/vc_tta_accordion][\/vc_column][\/vc_row][vc_row disable_element=&#8221;yes&#8221;][vc_column][vc_empty_space height=&#8221;40px&#8221;][vc_column_text]<\/p>\n<h4 class=\"no-margin-top\">Pourquoi Cosine ?<\/h4>\n<p>Nous aidons les plus grandes entreprises du monde \u00e0 g\u00e9n\u00e9rer une croissance pr\u00e9visible de leurs revenus et de leur rentabilit\u00e9 en optimisant les performances des organisations de vente.[\/vc_column_text][vc_row_inner][vc_column_inner width=&#8221;1\/4&#8243;]<div class=\"counter \">\n\t<div class=\"counter-content\">\n\t\t<span class=\"counter-prefix\"><\/span>\n\t\t<span class=\"counter-value\" data-from=\"0\" data-to=\"65\" data-speed=\"1000\">0<\/span>\n\t\t<span class=\"counter-suffix\">%<\/span>\n\t<\/div>\n<div class=\"counter-title\">Cosine has worked with 65% of the Fortune 500<\/div><\/div>[\/vc_column_inner][vc_column_inner width=&#8221;1\/4&#8243;]<div class=\"counter \">\n\t<div class=\"counter-content\">\n\t\t<span class=\"counter-prefix\"><\/span>\n\t\t<span class=\"counter-value\" data-from=\"0\" data-to=\"1000\" data-speed=\"1000\">0<\/span>\n\t\t<span class=\"counter-suffix\">+<\/span>\n\t<\/div>\n<div class=\"counter-title\">Trained over 1,000 sales professionals worldwide<\/div><\/div>[\/vc_column_inner][vc_column_inner width=&#8221;1\/4&#8243;]<div class=\"counter \">\n\t<div class=\"counter-content\">\n\t\t<span class=\"counter-prefix\"><\/span>\n\t\t<span class=\"counter-value\" data-from=\"0\" data-to=\"50\" data-speed=\"1000\">0<\/span>\n\t\t<span class=\"counter-suffix\">countries<\/span>\n\t<\/div>\n<div class=\"counter-title\">Delivered programs in over 50 countries<\/div><\/div>[\/vc_column_inner][vc_column_inner width=&#8221;1\/4&#8243;]<div class=\"counter \">\n\t<div class=\"counter-content\">\n\t\t<span class=\"counter-prefix\"><\/span>\n\t\t<span class=\"counter-value\" data-from=\"0\" data-to=\"8\" data-speed=\"1000\">0<\/span>\n\t\t<span class=\"counter-suffix\">years<\/span>\n\t<\/div>\n<div class=\"counter-title\">8 straight years as a top sales training company<\/div><\/div>[\/vc_column_inner][\/vc_row_inner][vc_empty_space height=&#8221;50px&#8221;][\/vc_column][\/vc_row]<\/p>\n","protected":false},"excerpt":{"rendered":"<p>[vc_row][vc_column][\/vc_column][\/vc_row][vc_row][vc_column][vc_gallery type=&#8221;flexslider_slide&#8221; interval=&#8221;0&#8243; images=&#8221;249,248&#8243; img_size=&#8221;full&#8221; onclick=&#8221;&#8221;][vc_empty_space height=&#8221;40px&#8221;][vc_column_text] Soci\u00e9t\u00e9 de vue d\u2019ensemble Formation en gestion de projet, coaching et conseil Chez MAVENSIDE, nous avons acquis la r\u00e9putation de fournir aux gens de la gestion de projet les connaissances dont ils ont besoin pour exceller dans le climat hyperconcurrentiel de gestion de projet d\u2019aujourd\u2019hui. Nous sommes un [&hellip;]<\/p>\n","protected":false},"author":1,"featured_media":0,"parent":0,"menu_order":0,"comment_status":"closed","ping_status":"closed","template":"","meta":{"_monsterinsights_skip_tracking":false,"_monsterinsights_sitenote_active":false,"_monsterinsights_sitenote_note":"","_monsterinsights_sitenote_category":0,"footnotes":""},"class_list":["post-799","page","type-page","status-publish","hentry","no-post-thumbnail"],"jetpack_sharing_enabled":true,"_links":{"self":[{"href":"https:\/\/maven-side.com\/index.php\/wp-json\/wp\/v2\/pages\/799","targetHints":{"allow":["GET"]}}],"collection":[{"href":"https:\/\/maven-side.com\/index.php\/wp-json\/wp\/v2\/pages"}],"about":[{"href":"https:\/\/maven-side.com\/index.php\/wp-json\/wp\/v2\/types\/page"}],"author":[{"embeddable":true,"href":"https:\/\/maven-side.com\/index.php\/wp-json\/wp\/v2\/users\/1"}],"replies":[{"embeddable":true,"href":"https:\/\/maven-side.com\/index.php\/wp-json\/wp\/v2\/comments?post=799"}],"version-history":[{"count":0,"href":"https:\/\/maven-side.com\/index.php\/wp-json\/wp\/v2\/pages\/799\/revisions"}],"wp:attachment":[{"href":"https:\/\/maven-side.com\/index.php\/wp-json\/wp\/v2\/media?parent=799"}],"curies":[{"name":"wp","href":"https:\/\/api.w.org\/{rel}","templated":true}]}}