{"id":794,"date":"2020-09-26T22:43:27","date_gmt":"2020-09-26T21:43:27","guid":{"rendered":"http:\/\/maven-side.com\/?page_id=706"},"modified":"2020-09-26T22:43:27","modified_gmt":"2020-09-26T21:43:27","slug":"acp-examen-simulateur","status":"publish","type":"page","link":"https:\/\/maven-side.com\/index.php\/fr\/acp-examen-simulateur\/","title":{"rendered":"Simulateur d\u2019examen ACP"},"content":{"rendered":"<p>[vc_row][vc_column][vc_row_inner][vc_column_inner][vc_single_image image=&#8221;347&#8243; img_size=&#8221;full&#8221;][\/vc_column_inner][\/vc_row_inner][vc_empty_space height=&#8221;40px&#8221;][vc_column_text]<\/p>\n<h4 class=\"elementor-heading-title elementor-size-large\">PMI-ACP\u00ae EXAMEN SIMULATON<\/h4>\n<p>[\/vc_column_text][vc_row_inner][vc_column_inner width=&#8221;1\/3&#8243;]<div class=\"counter \">\n\t<div class=\"counter-content\">\n\t\t<span class=\"counter-prefix\"><\/span>\n\t\t<span class=\"counter-value\" data-from=\"0\" data-to=\"1100\" data-speed=\"1000\">0<\/span>\n\t\t<span class=\"counter-suffix\">+<\/span>\n\t<\/div>\n<div class=\"counter-title\">Questions<\/div><\/div>[\/vc_column_inner][vc_column_inner width=&#8221;1\/3&#8243;]<div class=\"counter \">\n\t<div class=\"counter-content\">\n\t\t<span class=\"counter-prefix\"><\/span>\n\t\t<span class=\"counter-value\" data-from=\"0\" data-to=\"10\" data-speed=\"1000\">0<\/span>\n\t\t<span class=\"counter-suffix\">+<\/span>\n\t<\/div>\n<div class=\"counter-title\">MODEL EXAMS<\/div><\/div>[\/vc_column_inner][vc_column_inner width=&#8221;1\/3&#8243;]<div class=\"counter \">\n\t<div class=\"counter-content\">\n\t\t<span class=\"counter-prefix\"><\/span>\n\t\t<span class=\"counter-value\" data-from=\"0\" data-to=\"200\" data-speed=\"1000\">0<\/span>\n\t\t<span class=\"counter-suffix\">+<\/span>\n\t<\/div>\n<div class=\"counter-title\">FLASH CARDS<\/div><\/div>[\/vc_column_inner][\/vc_row_inner][vc_empty_space height=&#8221;40px&#8221;][vc_empty_space height=&#8221;10px&#8221;][vc_column_text]<strong>Plate-forme prim\u00e9e multilingue de simulateur d\u2019examen digne de confiance par plus de 400 PMI-REP et entreprises de formation<\/strong><\/p>\n<p>Nous personnalisons les solutions de formation aux ventes car elles produisent de meilleurs r\u00e9sultats pour nos clients.Depuis plus de 30 ans, Richardson travaille avec des entreprises mondiales de premier plan pour aider \u00e0 am\u00e9liorer les performances des ventes. Au cours de notre histoire, nous avons form\u00e9 plus de 2 000 000 de professionnels de la vente dans le monde entier. Sur une base annuelle, nous :<\/p>\n<ul>\n<li>\n<p class=\"elementor-heading-title elementor-size-large\"><strong>BANQUE DE QUESTIONS V\u00c9RIFI\u00c9ES DE HAUTE QUALIT\u00c9<\/strong><\/p>\n<\/li>\n<li>\n<p class=\"elementor-heading-title elementor-size-large\"><strong>SOUTIEN D\u2019EXPERTS CERTIFI\u00c9 PMI-ACP<\/strong><\/p>\n<\/li>\n<li>\n<p class=\"elementor-heading-title elementor-size-large\"><strong>CONSULTATION GRATUITE<\/strong><\/p>\n<\/li>\n<\/ul>\n<h4 class=\"elementor-heading-title elementor-size-default\">Avantages<\/h4>\n<ul>\n<li><strong>1100 + QUESTIONS<\/strong>: PMI-ACP Norme d\u2019examen est tr\u00e8s \u00e9lev\u00e9 et vous obtiendrez la m\u00eame norme avec cette banque de 1100 + questions. Assurez-vous de pratiquer chacun d\u2019eux.<\/li>\n<li><strong>10+ EXAMENS MOD\u00c8<\/strong>LES : Sur l\u2019examen PMI-ACP r\u00e9el, les \u00e9tudiants ont 3 heures pour r\u00e9pondre aux 120 questions. Pr\u00e9parez-vous dans ces conditions difficiles.<\/li>\n<li><strong>200+ CARTES FLASH : <\/strong>Les jeux Flashcard aident \u00e0 am\u00e9liorer tr\u00e8s rapidement les connaissances et la capacit\u00e9 de comprendre et d\u2019am\u00e9liorer les concepts PMI-ACP. C\u2019est une fa\u00e7on tr\u00e8s cr\u00e9ative d\u2019apprendre rapidement.<\/li>\n<li><strong>ANALYSE DES PERFORMANCES<\/strong> : PMaspire PMI-ACP Exam Simulator dispose d\u2019analyses de performances int\u00e9gr\u00e9es pour vous aider \u00e0 comprendre la force et la faiblesse du domaine.<\/li>\n<li><strong>G\u00c9N\u00c9RATEUR d\u2019EXAMEN MOD\u00c8L<\/strong>E: G\u00e9n\u00e9rer vos propres examens mod\u00e8les sur vos propres temps appropri\u00e9s, le nombre de questions avec des fonctionnalit\u00e9s \u00e9tonnantes g\u00e9n\u00e9rateur d\u2019examen mod\u00e8le.<\/li>\n<li><strong>BULLETIN D\u2019EXAMEN : L<\/strong>e simulateur d\u2019examen PMI-ACP tient des registres de tous les ant\u00e9c\u00e9dents d\u2019apprentissage et de pratique. Chaque question vous donne les justifications et les documents de r\u00e9f\u00e9rence.<\/li>\n<\/ul>\n<p>[\/vc_column_text][vc_empty_space]<div class=\"pricing-table three-columns \">\n\t\t<div class=\"price-column \"><div class=\"column-container\"><div class=\"plan\">FREE  <BR>05 Days<BR> <BR>  <\/div> <div class=\"price\">$0.0<\/div><ul class=\"features\"><li>05 Days Access<\/li><li>Question Bank \u2013 60 Q<\/li><li>02 Model Exam<\/li><li>Practice Chapter by Chapter<\/li><li>Study by Difficulty Level<\/li><li>Create your own Exam<\/li><li>Exam Report Card<\/li><li>Performance Analytics<\/li><li>Games \u2013 Flash Card Quiz \u2013 200<\/li><li>Agile Dictionary \u2013 300<\/li><li>100 Hours Study Plan<\/li><li>Any Device Compatibility<\/li><li>Performance Analytics<\/li><li>PM Experience Calculator<\/li><li>Reporting<\/li><\/ul><div class=\"cta\"><a class=\"button\" href=\"\">TRY IT!<\/a><\/div><\/div><\/div>\n\t\t<div class=\"price-column \"><div class=\"column-container\"><div class=\"plan\">GOLD  <BR>60 Days <BR>   <BR>                                      <\/div> <div class=\"price\">$99<\/div><ul class=\"features\"><li>60 Days Access<\/li><li>Question Bank \u2013 550 Q<\/li><li>06 Model Exam<\/li><li>Practice Chapter by Chapter<\/li><li>Study by Difficulty Level<\/li><li>Create your own Exam<\/li><li>Exam Report Card<\/li><li>Performance Analytics<\/li><li>Games \u2013 Flash Card Quiz \u2013 200<\/li><li>Agile Dictionary \u2013 300<\/li><li>100 Hours Study Plan<\/li><li>Any Device Compatibility<\/li><li>Performance Analytics<\/li><li>PM Experience Calculator<\/li><li>Reporting<\/li><\/ul><div class=\"cta\"><a class=\"button\" href=\"\">BUY NOW!<\/a><\/div><\/div><\/div>\n\t\t<div class=\"price-column \"><div class=\"column-container\"><div class=\"plan\">PLATINIUM <BR>90 Days<BR> <BR><\/div> <div class=\"price\">$149<\/div><ul class=\"features\"><li>90 Days Access<\/li><li>Question Bank \u2013 1100 Q<\/li><li>10 Model Exam<\/li><li>Practice Chapter by Chapter<\/li><li>Study by Difficulty Level<\/li><li>Create your own Exam<\/li><li>Exam Report Card<\/li><li>Performance Analytics<\/li><li>Games \u2013 Flash Card Quiz \u2013 200<\/li><li>Agile Dictionary \u2013 300<\/li><li>100 Hours Study Plan<\/li><li>Any Device Compatibility<\/li><li>Performance Analytics<\/li><li>PM Experience Calculator<\/li><li>Reporting<\/li><\/ul><div class=\"cta\"><a class=\"button\" href=\"\">BUY NOW!<\/a><\/div><\/div><\/div><\/div>[\/vc_column][\/vc_row]<\/p>\n","protected":false},"excerpt":{"rendered":"<p>[vc_row][vc_column][vc_row_inner][vc_column_inner][vc_single_image image=&#8221;347&#8243; img_size=&#8221;full&#8221;][\/vc_column_inner][\/vc_row_inner][vc_empty_space height=&#8221;40px&#8221;][vc_column_text] PMI-ACP\u00ae EXAMEN SIMULATON [\/vc_column_text][vc_row_inner][vc_column_inner width=&#8221;1\/3&#8243;][\/vc_column_inner][vc_column_inner width=&#8221;1\/3&#8243;][\/vc_column_inner][vc_column_inner width=&#8221;1\/3&#8243;][\/vc_column_inner][\/vc_row_inner][vc_empty_space height=&#8221;40px&#8221;][vc_empty_space height=&#8221;10px&#8221;][vc_column_text]Plate-forme prim\u00e9e multilingue de simulateur d\u2019examen digne de confiance par plus de 400 PMI-REP et entreprises de formation Nous personnalisons les solutions de formation aux ventes car elles produisent de meilleurs r\u00e9sultats pour nos clients.Depuis plus de 30 ans, Richardson travaille avec des [&hellip;]<\/p>\n","protected":false},"author":1,"featured_media":0,"parent":0,"menu_order":0,"comment_status":"closed","ping_status":"closed","template":"","meta":{"_monsterinsights_skip_tracking":false,"_monsterinsights_sitenote_active":false,"_monsterinsights_sitenote_note":"","_monsterinsights_sitenote_category":0,"footnotes":""},"class_list":["post-794","page","type-page","status-publish","hentry","no-post-thumbnail"],"jetpack_sharing_enabled":true,"_links":{"self":[{"href":"https:\/\/maven-side.com\/index.php\/wp-json\/wp\/v2\/pages\/794","targetHints":{"allow":["GET"]}}],"collection":[{"href":"https:\/\/maven-side.com\/index.php\/wp-json\/wp\/v2\/pages"}],"about":[{"href":"https:\/\/maven-side.com\/index.php\/wp-json\/wp\/v2\/types\/page"}],"author":[{"embeddable":true,"href":"https:\/\/maven-side.com\/index.php\/wp-json\/wp\/v2\/users\/1"}],"replies":[{"embeddable":true,"href":"https:\/\/maven-side.com\/index.php\/wp-json\/wp\/v2\/comments?post=794"}],"version-history":[{"count":0,"href":"https:\/\/maven-side.com\/index.php\/wp-json\/wp\/v2\/pages\/794\/revisions"}],"wp:attachment":[{"href":"https:\/\/maven-side.com\/index.php\/wp-json\/wp\/v2\/media?parent=794"}],"curies":[{"name":"wp","href":"https:\/\/api.w.org\/{rel}","templated":true}]}}