{"id":788,"date":"2020-09-08T23:45:02","date_gmt":"2020-09-08T22:45:02","guid":{"rendered":"https:\/\/maven-side.com\/?page_id=551"},"modified":"2020-09-08T23:45:02","modified_gmt":"2020-09-08T22:45:02","slug":"project-management-and-pmo-solution-2","status":"publish","type":"page","link":"https:\/\/maven-side.com\/index.php\/fr\/project-management-and-pmo-solution-2\/","title":{"rendered":"Gestion de projet et solution PMO"},"content":{"rendered":"<p>[vc_row][vc_column][vc_row_inner][vc_column_inner][vc_single_image image=&#8221;347&#8243; img_size=&#8221;full&#8221;][\/vc_column_inner][\/vc_row_inner][vc_empty_space height=&#8221;40px&#8221;][vc_row_inner gap=&#8221;10&#8243;][vc_column_inner width=&#8221;1\/3&#8243;]<div class=\"counter \">\n\t<div class=\"counter-content\">\n\t\t<span class=\"counter-prefix\">Trusted by<\/span>\n\t\t<span class=\"counter-value\" data-from=\"0\" data-to=\"100000\" data-speed=\"1000\">0<\/span>\n\t\t<span class=\"counter-suffix\">+<\/span>\n\t<\/div>\n<div class=\"counter-title\">Users<\/div><\/div>[\/vc_column_inner][vc_column_inner width=&#8221;1\/3&#8243;]<div class=\"counter \">\n\t<div class=\"counter-content\">\n\t\t<span class=\"counter-prefix\"><\/span>\n\t\t<span class=\"counter-value\" data-from=\"0\" data-to=\"400\" data-speed=\"1000\">0<\/span>\n\t\t<span class=\"counter-suffix\">+<\/span>\n\t<\/div>\n<div class=\"counter-title\">Enterprises<\/div><\/div>[\/vc_column_inner][vc_column_inner width=&#8221;1\/3&#8243;]<div class=\"counter \">\n\t<div class=\"counter-content\">\n\t\t<span class=\"counter-prefix\"><\/span>\n\t\t<span class=\"counter-value\" data-from=\"0\" data-to=\"100\" data-speed=\"1000\">0<\/span>\n\t\t<span class=\"counter-suffix\">+<\/span>\n\t<\/div>\n<div class=\"counter-title\">Countries<\/div><\/div>[\/vc_column_inner][\/vc_row_inner][vc_column_text]<\/p>\n<h4><\/h4>\n<h4 class=\"no-margin-top\">Tout ce dont vous avez besoin pour g\u00e9rer votre CPM est en un seul outil !<\/h4>\n<p><strong>Cr\u00e9ez votre WBS et votre budget de projet \u00e0 la vol\u00e9e ! Sentez-vous comme Excel !<\/strong><\/p>\n<p>Cr\u00e9er une structure de r\u00e9partition du travail (WBS) pour un grand projet est toujours difficile et prend beaucoup de temps. PMaspire a rendu votre vie si facile. Tout comme vous utilisez excel pour \u00e9num\u00e9rer votre travail, ressentez la m\u00eame exp\u00e9rience tout en cr\u00e9ant WBS dans baseline PMO Software.[\/vc_column_text][vc_empty_space height=&#8221;40px&#8221;][vc_column_text]<\/p>\n<h4 class=\"elementor-heading-title elementor-size-large\">TABLEAU DE BORD PMO (IA)<\/h4>\n<p>Tableau de bord r\u00e9volutionnaire du Bureau de gestion de projet bas\u00e9 sur l\u2019intelligence artificielle pour afficher la vue d\u2019ensemble de l\u2019ensemble des organisations en un seul plan.<\/p>\n<h4 class=\"elementor-heading-title elementor-size-default\">Kanban Board &#8211; Drag and Drop Task Update Facilement !<\/h4>\n<p>G\u00e9rez votre carte Agile Kanban et mettez \u00e0 jour votre t\u00e2che tr\u00e8s facilement gr\u00e2ce aux fonctionnalit\u00e9s Drag and Drop. Maintenant, la t\u00e2che de suivi est tr\u00e8s facile.<\/p>\n<h4 class=\"elementor-heading-title elementor-size-large\">GESTION INT\u00c9GR\u00c9E DU CHANGEMENT<\/h4>\n<p>Cras vulputate feugiat interdum. Cras mattis, augue isarcu erat, sit amet varius erat metus nisl.<\/p>\n<h4 class=\"elementor-heading-title elementor-size-large\">SUITE DE GESTION DES RISQUES<\/h4>\n<p>Il s\u2019agit de toute la suite de gestion des risques, y compris la cr\u00e9ation de param\u00e8tres de risque (s\u00e9v\u00e8re, \u00e9lev\u00e9, mod\u00e9r\u00e9, faible), la notation d\u2019impact, probablement et la notation d\u2019impact et la m\u00e9thode d\u2019escalade des risques bas\u00e9e sur l\u2019IA.<\/p>\n<ul>\n<li>Cr\u00e9ation auto WBS : Alie va cr\u00e9er votre WBS ! Oui utilisez les mod\u00e8les pr\u00eats \u00e0 cr\u00e9er votre projet WBS et \u00e9conomisez votre temps pr\u00e9cieux<\/li>\n<li>Gestion de documents : Int\u00e9grez-vous \u00e0 Google Drive et t\u00e9l\u00e9chargez vos fichiers de projet illimit\u00e9s. En outre, g\u00e9rer l\u2019acc\u00e8s des utilisateurs des documents ainsi..<\/li>\n<li>Registre des le\u00e7ons apprises : Cr\u00e9ez votre base de donn\u00e9es sur les le\u00e7ons apprises pour les jalons, le sprint ou des projets entiers. L\u2019un des exercices les plus importants de PM.<\/li>\n<\/ul>\n<h3 class=\"elementor-heading-title elementor-size-default\">Des solutions pour tous<\/h3>\n<h4 class=\"elementor-heading-title elementor-size-default\">Chef de projet<\/h4>\n<ul>\n<li>Constructeur de projets<\/li>\n<li>Base de projet<\/li>\n<li>Mod\u00e8le d\u2019E-mail<\/li>\n<li>Gestion des t\u00e2ches<\/li>\n<li>Gestion de la d\u00e9pendance<\/li>\n<li>Gestion des jalons<\/li>\n<li>Conseil personnel de Kanban<\/li>\n<li>Gestion des jalons<\/li>\n<li>Budg\u00e9tisation des projets<\/li>\n<\/ul>\n<h4>Parrain du projet<\/h4>\n<ul>\n<li>Carte de taux de ressources<\/li>\n<li>Gestion des risques<\/li>\n<li>Calendrier des ressources<\/li>\n<li>Rapports d\u2019\u00e9tat g\u00e9n\u00e9r\u00e9s par le syst\u00e8me<\/li>\n<li>Frais de formation sur les factures<\/li>\n<li>Gestion des \u00e9metteurs<\/li>\n<li>Gestion du changement<\/li>\n<li>Tableau de bord PMO<\/li>\n<\/ul>\n<p>[\/vc_column_text][\/vc_column][\/vc_row]<\/p>\n","protected":false},"excerpt":{"rendered":"<p>[vc_row][vc_column][vc_row_inner][vc_column_inner][vc_single_image image=&#8221;347&#8243; img_size=&#8221;full&#8221;][\/vc_column_inner][\/vc_row_inner][vc_empty_space height=&#8221;40px&#8221;][vc_row_inner gap=&#8221;10&#8243;][vc_column_inner width=&#8221;1\/3&#8243;][\/vc_column_inner][vc_column_inner width=&#8221;1\/3&#8243;][\/vc_column_inner][vc_column_inner width=&#8221;1\/3&#8243;][\/vc_column_inner][\/vc_row_inner][vc_column_text] Tout ce dont vous avez besoin pour g\u00e9rer votre CPM est en un seul outil ! Cr\u00e9ez votre WBS et votre budget de projet \u00e0 la vol\u00e9e ! Sentez-vous comme Excel ! Cr\u00e9er une structure de r\u00e9partition du travail (WBS) pour un grand projet est toujours difficile [&hellip;]<\/p>\n","protected":false},"author":1,"featured_media":0,"parent":0,"menu_order":0,"comment_status":"closed","ping_status":"closed","template":"","meta":{"_monsterinsights_skip_tracking":false,"_monsterinsights_sitenote_active":false,"_monsterinsights_sitenote_note":"","_monsterinsights_sitenote_category":0,"footnotes":""},"class_list":["post-788","page","type-page","status-publish","hentry","no-post-thumbnail"],"jetpack_sharing_enabled":true,"_links":{"self":[{"href":"https:\/\/maven-side.com\/index.php\/wp-json\/wp\/v2\/pages\/788","targetHints":{"allow":["GET"]}}],"collection":[{"href":"https:\/\/maven-side.com\/index.php\/wp-json\/wp\/v2\/pages"}],"about":[{"href":"https:\/\/maven-side.com\/index.php\/wp-json\/wp\/v2\/types\/page"}],"author":[{"embeddable":true,"href":"https:\/\/maven-side.com\/index.php\/wp-json\/wp\/v2\/users\/1"}],"replies":[{"embeddable":true,"href":"https:\/\/maven-side.com\/index.php\/wp-json\/wp\/v2\/comments?post=788"}],"version-history":[{"count":0,"href":"https:\/\/maven-side.com\/index.php\/wp-json\/wp\/v2\/pages\/788\/revisions"}],"wp:attachment":[{"href":"https:\/\/maven-side.com\/index.php\/wp-json\/wp\/v2\/media?parent=788"}],"curies":[{"name":"wp","href":"https:\/\/api.w.org\/{rel}","templated":true}]}}