{"id":786,"date":"2020-09-13T23:34:11","date_gmt":"2020-09-13T22:34:11","guid":{"rendered":"https:\/\/maven-side.com\/?page_id=646"},"modified":"2020-09-13T23:34:11","modified_gmt":"2020-09-13T22:34:11","slug":"pmp-exam-simulateur","status":"publish","type":"page","link":"https:\/\/maven-side.com\/index.php\/fr\/pmp-exam-simulateur\/","title":{"rendered":"Simulateur d\u2019examen PMP"},"content":{"rendered":"<p>[vc_row][vc_column][vc_row_inner][vc_column_inner][vc_single_image image=&#8221;347&#8243; img_size=&#8221;full&#8221;][\/vc_column_inner][\/vc_row_inner][vc_empty_space height=&#8221;40px&#8221;][vc_column_text]<\/p>\n<h4 class=\"elementor-heading-title elementor-size-large\">EXAMEN PMP\u00ae SIMULATON<\/h4>\n<p>[\/vc_column_text][vc_row_inner][vc_column_inner width=&#8221;1\/3&#8243;]<div class=\"counter \">\n\t<div class=\"counter-content\">\n\t\t<span class=\"counter-prefix\">TRUSTED BY<\/span>\n\t\t<span class=\"counter-value\" data-from=\"0\" data-to=\"100000\" data-speed=\"1000\">0<\/span>\n\t\t<span class=\"counter-suffix\">+<\/span>\n\t<\/div>\n<div class=\"counter-title\">Professionals<\/div><\/div>[\/vc_column_inner][vc_column_inner width=&#8221;1\/3&#8243;]<div class=\"counter \">\n\t<div class=\"counter-content\">\n\t\t<span class=\"counter-prefix\">AVAILABLE IN<\/span>\n\t\t<span class=\"counter-value\" data-from=\"0\" data-to=\"07\" data-speed=\"1000\">0<\/span>\n\t\t<span class=\"counter-suffix\"><\/span>\n\t<\/div>\n<div class=\"counter-title\">LANGUAGES<\/div><\/div>[\/vc_column_inner][vc_column_inner width=&#8221;1\/3&#8243;]<div class=\"counter \">\n\t<div class=\"counter-content\">\n\t\t<span class=\"counter-prefix\">IN<\/span>\n\t\t<span class=\"counter-value\" data-from=\"0\" data-to=\"100\" data-speed=\"1000\">0<\/span>\n\t\t<span class=\"counter-suffix\">+<\/span>\n\t<\/div>\n<div class=\"counter-title\">COUNTRIES<\/div><\/div>[\/vc_column_inner][\/vc_row_inner][vc_empty_space height=&#8221;40px&#8221;][vc_empty_space height=&#8221;10px&#8221;][vc_column_text]<strong>Plate-forme prim\u00e9e multilingue de simulateur d\u2019examen digne de confiance par plus de 400 PMI-REP et entreprises de formation<\/p>\n<p>No<\/strong>us personnalisons les solutions de formation aux ventes car elles produisent de meilleurs r\u00e9sultats pour nos clients.Depuis plus de 30 ans, Richardson travaille avec des entreprises mondiales de premier plan pour aider \u00e0 am\u00e9liorer les performances des ventes. Au cours de notre histoire, nous avons form\u00e9 plus de 2 000 000 de professionnels de la vente dans le monde entier. Sur une base annuelle, nous :<\/p>\n<ul>\n<li>\n<p class=\"elementor-heading-title elementor-size-large\"><strong>Pratique par examen simul\u00e9<\/strong><\/p>\n<\/li>\n<li>\n<p class=\"elementor-heading-title elementor-size-large\"><strong>Pratique par groupe de processus<\/strong><\/p>\n<\/li>\n<li>\n<p class=\"elementor-heading-title elementor-size-large\"><strong>Pratique par domaine du savoir<\/strong><\/p>\n<\/li>\n<\/ul>\n<h4 class=\"elementor-heading-title elementor-size-default\">Avantages<\/h4>\n<ul>\n<li><strong>Examen r\u00e9el comme l\u2019environnement<\/strong>: La pratique dans l\u2019examen PMP r\u00e9el comme l\u2019environnement<\/li>\n<li><strong>Apprenez \u00e0 g\u00e9rer efficacement le temps : Il<\/strong> est tr\u00e8s important de pratiquer des examens de 4 heures pour r\u00e9soudre 200 questions.<\/li>\n<li><strong>Comprendre la force et la semaine : C<\/strong>onsultez l\u2019analyse des examens pour savoir dans quel domaine vous \u00eates fort ou faible<\/li>\n<li><strong>Plus de 3000 questions d\u2019exa<\/strong>men : Obtenez la norme r\u00e9elle d\u2019examen comme 3000+ questions d\u2019examen de PMP<\/li>\n<li><strong>Douze (12) + Examen de mod\u00e8le compl<\/strong>et: Chaque examen mod\u00e8le est livr\u00e9 avec 200 questions de haute qualit\u00e9 avec 4 heures.<\/li>\n<li><strong>Gamifications par Flashcards: A<\/strong>pprenez \u00e0 travers plus de 600 jeux Flashcard et v\u00e9rifiez vos souvenirs<\/li>\n<li><strong>Pratique par groupe de processus <\/strong>: Vous pouvez s\u00e9lectionner et pratiquer par groupe de processus<\/li>\n<li><strong>Pratique par domaine de connaissance<\/strong>s : Vous pouvez s\u00e9lectionner et pratiquer par zone de connaissances<\/li>\n<li><strong>G\u00e9n\u00e9rez votre propre examen mod\u00e8le :<\/strong> vous pouvez g\u00e9n\u00e9rer vos propres examens mod\u00e8les avec vos propres termes.<\/li>\n<\/ul>\n<p>[\/vc_column_text][vc_empty_space]<div class=\"pricing-table four-columns \">\n\t\t<div class=\"price-column \"><div class=\"column-container\"><div class=\"plan\">FREE  <BR>05 Days<BR> <BR>  <\/div> <div class=\"price\">$0.0<\/div><ul class=\"features\"><li>30  Free Videos<\/li><li>0400 PMP Questions Bank<\/li><li>02 Model Exam<\/li><li>Practice by Knowledge Area<\/li><li>Study by Difficulty Level<\/li><li>Create your own Exam<\/li><li>Exam Report Card<\/li><li>Performance Analytics<\/li><li>Games \u2013 Flash Card Quiz \u2013 200<\/li><li>Dictionary \u2013 600+<\/li><li>120 Hours Study Plan<\/li><li>Any Device Compatibility<\/li><li>PMBOKGUIDE Page Reference<\/li><li>PM Experience Calculator<\/li><li>Detailed Reporting<BR> <BR> <BR><\/li><\/ul><div class=\"cta\"><a class=\"button\" href=\"https:\/\/mailchi.mp\/0cf45b2a5908\/pmp-exam-simulator\">TRY IT!<\/a><\/div><\/div><\/div>\n\t\t<div class=\"price-column \"><div class=\"column-container\"><div class=\"plan\">SILVER  <BR>45 Days <BR>   <BR>                                      <\/div> <div class=\"price\">$69<\/div><ul class=\"features\"><li>50 Free Videos<\/li><li>1000 PMP Questions Bank<\/li><li>06 Model Exam<\/li><li>Practice by Knowledge Area<\/li><li>Study by Difficulty Level<\/li><li>Create your own Exam<\/li><li>Exam Report Card<\/li><li>Performance Analytics<\/li><li>Games \u2013 Flash Card Quiz \u2013 200<\/li><li>Dictionary \u2013 600+<\/li><li>120 Hours Study Plan<\/li><li>Any Device Compatibility<\/li><li>PMBOKGUIDE Page Reference<\/li><li>PM Experience Calculator<\/li><li>Detailed Reporting<BR> <BR> <BR><\/li><\/ul><div class=\"cta\"><a class=\"button\" href=\"\">BUY NOW!<\/a><\/div><\/div><\/div>\n\t\t<div class=\"price-column \"><div class=\"column-container\"><div class=\"plan\">GOLD  <BR>60 Days <BR>   <BR>                                      <\/div> <div class=\"price\">$99<\/div><ul class=\"features\"><li>50 Free Videos<\/li><li>2000 PMP Questions Bank<\/li><li>08 Model Exam<\/li><li>Practice by Knowledge Area<\/li><li>Study by Difficulty Level<\/li><li>Create your own Exam<\/li><li>Exam Report Card<\/li><li>Performance Analytics<\/li><li>Games \u2013 Flash Card Quiz \u2013 500<\/li><li>Dictionary \u2013 600+<\/li><li>120 Hours Study Plan<\/li><li>Any Device Compatibility<\/li><li>PMBOKGUIDE Page Reference<\/li><li>PM Experience Calculator<\/li><li>Detailed Reporting<BR> <BR> <BR><\/li><\/ul><div class=\"cta\"><a class=\"button\" href=\"\">BUY NOW!<\/a><\/div><\/div><\/div>\n\t\t<div class=\"price-column \"><div class=\"column-container\"><div class=\"plan\">PLATINIUM <BR>90 Days<BR> <BR><\/div> <div class=\"price\">$149<\/div><ul class=\"features\"><li>50 Free Videos<\/li><li>3000 PMP Questions Bank<\/li><li>12 Model Exam<\/li><li>Practice by Knowledge Area<\/li><li>Study by Difficulty Level<\/li><li>Create your own Exam<\/li><li>Exam Report Card<\/li><li>Performance Analytics<\/li><li>Games \u2013 Flash Card Quiz \u2013 600+<\/li><li>Dictionary \u2013 600+<\/li><li>120 Hours Study Plan<\/li><li>Any Device Compatibility<\/li><li>PMBOKGUIDE Page Reference<\/li><li>PM Experience Calculator<\/li><li>Detailed Reporting<BR><\/li><\/ul><div class=\"cta\"><a class=\"button\" href=\"\">BUY NOW!<\/a><\/div><\/div><\/div><\/div>[\/vc_column][\/vc_row]<\/p>\n","protected":false},"excerpt":{"rendered":"<p>[vc_row][vc_column][vc_row_inner][vc_column_inner][vc_single_image image=&#8221;347&#8243; img_size=&#8221;full&#8221;][\/vc_column_inner][\/vc_row_inner][vc_empty_space height=&#8221;40px&#8221;][vc_column_text] EXAMEN PMP\u00ae SIMULATON [\/vc_column_text][vc_row_inner][vc_column_inner width=&#8221;1\/3&#8243;][\/vc_column_inner][vc_column_inner width=&#8221;1\/3&#8243;][\/vc_column_inner][vc_column_inner width=&#8221;1\/3&#8243;][\/vc_column_inner][\/vc_row_inner][vc_empty_space height=&#8221;40px&#8221;][vc_empty_space height=&#8221;10px&#8221;][vc_column_text]Plate-forme prim\u00e9e multilingue de simulateur d\u2019examen digne de confiance par plus de 400 PMI-REP et entreprises de formation Nous personnalisons les solutions de formation aux ventes car elles produisent de meilleurs r\u00e9sultats pour nos clients.Depuis plus de 30 ans, Richardson travaille avec des [&hellip;]<\/p>\n","protected":false},"author":1,"featured_media":0,"parent":0,"menu_order":0,"comment_status":"closed","ping_status":"closed","template":"","meta":{"_monsterinsights_skip_tracking":false,"_monsterinsights_sitenote_active":false,"_monsterinsights_sitenote_note":"","_monsterinsights_sitenote_category":0,"footnotes":""},"class_list":["post-786","page","type-page","status-publish","hentry","no-post-thumbnail"],"jetpack_sharing_enabled":true,"_links":{"self":[{"href":"https:\/\/maven-side.com\/index.php\/wp-json\/wp\/v2\/pages\/786","targetHints":{"allow":["GET"]}}],"collection":[{"href":"https:\/\/maven-side.com\/index.php\/wp-json\/wp\/v2\/pages"}],"about":[{"href":"https:\/\/maven-side.com\/index.php\/wp-json\/wp\/v2\/types\/page"}],"author":[{"embeddable":true,"href":"https:\/\/maven-side.com\/index.php\/wp-json\/wp\/v2\/users\/1"}],"replies":[{"embeddable":true,"href":"https:\/\/maven-side.com\/index.php\/wp-json\/wp\/v2\/comments?post=786"}],"version-history":[{"count":0,"href":"https:\/\/maven-side.com\/index.php\/wp-json\/wp\/v2\/pages\/786\/revisions"}],"wp:attachment":[{"href":"https:\/\/maven-side.com\/index.php\/wp-json\/wp\/v2\/media?parent=786"}],"curies":[{"name":"wp","href":"https:\/\/api.w.org\/{rel}","templated":true}]}}